{"id":110,"date":"2017-03-29T21:47:46","date_gmt":"2017-03-29T21:47:46","guid":{"rendered":"http:\/\/jorpanmt.com.br\/?page_id=110"},"modified":"2020-04-22T13:31:16","modified_gmt":"2020-04-22T13:31:16","slug":"representantes","status":"publish","type":"page","link":"https:\/\/jorpanmt.com.br\/index.php\/representantes\/","title":{"rendered":"Representantes"},"content":{"rendered":"<p><img loading=\"lazy\" decoding=\"async\" class=\"size-medium wp-image-75 aligncenter\" src=\"https:\/\/jorpanmt.com.br\/wp-content\/uploads\/2017\/03\/16311_336845079851047_2710297741750708101_n-300x173.jpg\" alt=\"\" width=\"300\" height=\"173\" srcset=\"https:\/\/jorpanmt.com.br\/wp-content\/uploads\/2017\/03\/16311_336845079851047_2710297741750708101_n-300x173.jpg 300w, https:\/\/jorpanmt.com.br\/wp-content\/uploads\/2017\/03\/16311_336845079851047_2710297741750708101_n.jpg 640w\" sizes=\"auto, (max-width: 300px) 100vw, 300px\" \/><\/p>\n<p>&nbsp;<\/p>\n<h3><strong>Sinop.<\/strong><\/h3>\n<p>Diego fone: 99956-9098\u00a0 \u00a0e-mail: diego@jorpanmt.com.br<\/p>\n<h3>Santa Carmem, Vera e Feliz Natal.<\/h3>\n<p>Diego fone: 99956-9098\u00a0 \u00a0e-mail: diego@jorpanmt.com.br<\/p>\n<h3>Sorriso, Lucas do Rio Verde, Nova Mutum, Ipiranga do Norte, Tapurah, Nova Ubirat\u00e3.<\/h3>\n<p>Elias Fone: (66) 99609-1922 e-mail : elias@jorpanmt.com.br<\/p>\n<h3>Cachoeira da Serra, Castelo do Sonho, Novo Progresso, Moraes de Almeida, Caracol, Trair\u00e3o, KM30, Itaituba.<\/h3>\n<p>Lindomar fone: (66) 99976-4264 e-mail: lindomar@jorpanmt.com.br<\/p>\n<h3>\u00a0Porto dos Gaucho, Juara, Juina, Castanheira, Aripuan\u00e3, Colniza, Cotrigua\u00e7u.<\/h3>\n<p>Edilson fone: (65) 98118-9260 whatsapp (65) 996088953 email: edilsonjorpan@gmail.com<\/p>\n<h3>Colider, Nova Cana\u00e3, Carlinda, Alta Floresta, Paranaita, Apiac\u00e1s, Nova Bandeirante, Ita\u00faba, Nova Santa Helena, Terra Nova, Peixoto de Azevedo, Matup\u00e1, Guaranta do Norte, Novo Mundo, Marcel\u00e2ndia, Nova Guarita, Nova Monte Verde.<\/h3>\n<p>Valdecir fone: (66) 99996-3701 email: valdecir@jorpanmt.com.br<\/p>\n<h3><\/h3>\n<p>&nbsp;<\/p>\n","protected":false},"excerpt":{"rendered":"<p>&nbsp; Sinop. Diego fone: 99956-9098\u00a0 \u00a0e-mail: diego@jorpanmt.com.br Santa Carmem, Vera e Feliz Natal. Diego fone: 99956-9098\u00a0 \u00a0e-mail: diego@jorpanmt.com.br Sorriso, Lucas do Rio Verde, Nova Mutum, Ipiranga do Norte, Tapurah, Nova Ubirat\u00e3. Elias Fone: (66) 99609-1922 e-mail : elias@jorpanmt.com.br Cachoeira da Serra, Castelo do Sonho, Novo Progresso, Moraes de Almeida, Caracol, Trair\u00e3o, KM30, Itaituba. Lindomar fone:<a class=\"moretag\" href=\"https:\/\/jorpanmt.com.br\/index.php\/representantes\/\"><span class=\"screen-reader-text\">Read more about Representantes<\/span>[&#8230;]<\/a><\/p>\n","protected":false},"author":1,"featured_media":0,"parent":0,"menu_order":0,"comment_status":"closed","ping_status":"closed","template":"","meta":{"_joinchat":[],"footnotes":""},"class_list":["post-110","page","type-page","status-publish","hentry"],"_links":{"self":[{"href":"https:\/\/jorpanmt.com.br\/index.php\/wp-json\/wp\/v2\/pages\/110","targetHints":{"allow":["GET"]}}],"collection":[{"href":"https:\/\/jorpanmt.com.br\/index.php\/wp-json\/wp\/v2\/pages"}],"about":[{"href":"https:\/\/jorpanmt.com.br\/index.php\/wp-json\/wp\/v2\/types\/page"}],"author":[{"embeddable":true,"href":"https:\/\/jorpanmt.com.br\/index.php\/wp-json\/wp\/v2\/users\/1"}],"replies":[{"embeddable":true,"href":"https:\/\/jorpanmt.com.br\/index.php\/wp-json\/wp\/v2\/comments?post=110"}],"version-history":[{"count":20,"href":"https:\/\/jorpanmt.com.br\/index.php\/wp-json\/wp\/v2\/pages\/110\/revisions"}],"predecessor-version":[{"id":346,"href":"https:\/\/jorpanmt.com.br\/index.php\/wp-json\/wp\/v2\/pages\/110\/revisions\/346"}],"wp:attachment":[{"href":"https:\/\/jorpanmt.com.br\/index.php\/wp-json\/wp\/v2\/media?parent=110"}],"curies":[{"name":"wp","href":"https:\/\/api.w.org\/{rel}","templated":true}]}}